{"id":415,"date":"2021-06-16T15:45:01","date_gmt":"2021-06-16T13:45:01","guid":{"rendered":"https:\/\/www.erhophal.de\/historia\/"},"modified":"2021-06-16T15:45:02","modified_gmt":"2021-06-16T13:45:02","slug":"historia","status":"publish","type":"page","link":"https:\/\/www.erhophal.de\/es\/historia\/","title":{"rendered":"Historia"},"content":{"rendered":"\t\t<div data-elementor-type=\"wp-page\" data-elementor-id=\"415\" class=\"elementor elementor-415 elementor-148\" data-elementor-post-type=\"page\">\n\t\t\t\t\t\t<section class=\"elementor-section elementor-top-section elementor-element elementor-element-8c1263e elementor-section-boxed elementor-section-height-default elementor-section-height-default\" data-id=\"8c1263e\" data-element_type=\"section\" data-e-type=\"section\">\n\t\t\t\t\t\t<div class=\"elementor-container elementor-column-gap-default\">\n\t\t\t\t\t<div class=\"elementor-column elementor-col-100 elementor-top-column elementor-element elementor-element-17c16d3\" data-id=\"17c16d3\" data-element_type=\"column\" data-e-type=\"column\">\n\t\t\t<div class=\"elementor-widget-wrap elementor-element-populated\">\n\t\t\t\t\t\t<div class=\"elementor-element elementor-element-880957e elementor-widget elementor-widget-text-editor\" data-id=\"880957e\" data-element_type=\"widget\" data-e-type=\"widget\" data-widget_type=\"text-editor.default\">\n\t\t\t\t<div class=\"elementor-widget-container\">\n\t\t\t\t\t\t\t\t\t<h1>Historia<\/h1>\n<p><span style=\"color: #0059a9;\"><strong>1982<\/strong><\/span><br \/>Fundaci\u00f3n de la empresa que tiene ERHOPHAL ya que la producci\u00f3n de cuchillos y cuchillas de acero especial de todo el mundo. A trav\u00e9s de los a\u00f1os, hemos cambiado nuestra producci\u00f3n contin\u00faa en la direcci\u00f3n de las cuchillas.<\/p>\n<p><strong><span style=\"color: #0059a9;\">2000<\/span><\/strong><br \/>se decidi\u00f3 extender las cuchillas cepilladoras gama de productos en.<\/p>\n<p><span style=\"color: #0059a9;\"><strong>2005<\/strong><\/span><br \/>se introdujo el sistema patentado de multi-perfil del sistema en el mercado.<br \/>\nPoco tiempo despu\u00e9s, la compa\u00f1\u00eda hizo ERHOPHAL con la introducci\u00f3n de HPS\u00ae marca y se logr\u00f3 un gran \u00e9xito con este producto \u00fanico.<\/p>\n<p><span style=\"color: #0059a9;\"><strong>2007<\/strong><\/span><br \/>se desarroll\u00f3 el siguiente innovaci\u00f3n, la uni\u00f3n de carburo en el acero.<br \/>\nEste m\u00e9todo obtiene a ra\u00edz de los crecientes costos de las materias primas cada vez m\u00e1s importancia.<\/p>\n<p><span style=\"color: #0059a9;\"><strong>2010<br \/><\/strong><\/span>introdujimos nuestra gama de productos con el fin de completar el plan, cepillado y preparaci\u00f3n de perfiles.<br \/>\nEn relaci\u00f3n con esto, se inici\u00f3 la producci\u00f3n de cuchillas de metal duro cepilladora del sistema.<\/p>\n<p><span style=\"color: #0059a9;\"><strong>2012<\/strong><\/span><br \/>nos mudamos a nuestro nuevo edificio de oficinas.<br \/>\nLas instalaciones disponibles en la actualidad nos permiten estructurar la fabricaci\u00f3n, almacenamiento, distribuci\u00f3n y log\u00edstica para \u00f3ptima para usted. Se obtiene as\u00ed, para nuestros clientes, hoy parto de alto tan importante.<\/p>\n<h3><span style=\"color: #0059a9;\">Con nosotros es a trav\u00e9s de Innovaci\u00f3n y Calidad las crecientes demandas un paso por delante.<\/span><\/h3>\n\t\t\t\t\t\t\t\t<\/div>\n\t\t\t\t<\/div>\n\t\t\t\t\t<\/div>\n\t\t<\/div>\n\t\t\t\t\t<\/div>\n\t\t<\/section>\n\t\t\t\t<\/div>\n\t\t","protected":false},"excerpt":{"rendered":"<p>Historia 1982Fundaci\u00f3n de la empresa que tiene ERHOPHAL ya que la producci\u00f3n de cuchillos y cuchillas de acero especial de todo el mundo. A trav\u00e9s de los a\u00f1os, hemos cambiado nuestra producci\u00f3n contin\u00faa en la direcci\u00f3n de las cuchillas. 2000se decidi\u00f3 extender las cuchillas cepilladoras gama de productos en. 2005se introdujo el sistema patentado de [&hellip;]<\/p>\n","protected":false},"author":1,"featured_media":0,"parent":0,"menu_order":25,"comment_status":"closed","ping_status":"closed","template":"","meta":{"footnotes":""},"class_list":["post-415","page","type-page","status-publish","hentry"],"_links":{"self":[{"href":"https:\/\/www.erhophal.de\/es\/wp-json\/wp\/v2\/pages\/415","targetHints":{"allow":["GET"]}}],"collection":[{"href":"https:\/\/www.erhophal.de\/es\/wp-json\/wp\/v2\/pages"}],"about":[{"href":"https:\/\/www.erhophal.de\/es\/wp-json\/wp\/v2\/types\/page"}],"author":[{"embeddable":true,"href":"https:\/\/www.erhophal.de\/es\/wp-json\/wp\/v2\/users\/1"}],"replies":[{"embeddable":true,"href":"https:\/\/www.erhophal.de\/es\/wp-json\/wp\/v2\/comments?post=415"}],"version-history":[{"count":1,"href":"https:\/\/www.erhophal.de\/es\/wp-json\/wp\/v2\/pages\/415\/revisions"}],"predecessor-version":[{"id":416,"href":"https:\/\/www.erhophal.de\/es\/wp-json\/wp\/v2\/pages\/415\/revisions\/416"}],"wp:attachment":[{"href":"https:\/\/www.erhophal.de\/es\/wp-json\/wp\/v2\/media?parent=415"}],"curies":[{"name":"wp","href":"https:\/\/api.w.org\/{rel}","templated":true}]}}