{"id":418,"date":"2021-06-16T15:49:37","date_gmt":"2021-06-16T13:49:37","guid":{"rendered":"https:\/\/www.erhophal.de\/productos\/cuchillas-corrugadas\/"},"modified":"2021-06-16T15:49:38","modified_gmt":"2021-06-16T13:49:38","slug":"cuchillas-corrugadas","status":"publish","type":"page","link":"https:\/\/www.erhophal.de\/es\/productos\/cuchillas-corrugadas\/","title":{"rendered":"Cuchillas corrugadas"},"content":{"rendered":"\t\t<div data-elementor-type=\"wp-page\" data-elementor-id=\"418\" class=\"elementor elementor-418 elementor-150\" data-elementor-post-type=\"page\">\n\t\t\t\t\t\t<section class=\"elementor-section elementor-top-section elementor-element elementor-element-1c31e43 elementor-section-boxed elementor-section-height-default elementor-section-height-default\" data-id=\"1c31e43\" data-element_type=\"section\" data-e-type=\"section\">\n\t\t\t\t\t\t<div class=\"elementor-container elementor-column-gap-default\">\n\t\t\t\t\t<div class=\"elementor-column elementor-col-100 elementor-top-column elementor-element elementor-element-80706dc\" data-id=\"80706dc\" data-element_type=\"column\" data-e-type=\"column\">\n\t\t\t<div class=\"elementor-widget-wrap elementor-element-populated\">\n\t\t\t\t\t\t<div class=\"elementor-element elementor-element-486225a elementor-widget elementor-widget-text-editor\" data-id=\"486225a\" data-element_type=\"widget\" data-e-type=\"widget\" data-widget_type=\"text-editor.default\">\n\t\t\t\t<div class=\"elementor-widget-container\">\n\t\t\t\t\t\t\t\t\t<h1>Cuchillas corrugadas<\/h1>\n<h2>HSS, HPS<sup>\u00ae<\/sup>, TCT<\/h2>\n\t\t\t\t\t\t\t\t<\/div>\n\t\t\t\t<\/div>\n\t\t\t\t\t<\/div>\n\t\t<\/div>\n\t\t\t\t\t<\/div>\n\t\t<\/section>\n\t\t\t\t<section class=\"elementor-section elementor-top-section elementor-element elementor-element-73d3592 elementor-section-boxed elementor-section-height-default elementor-section-height-default\" data-id=\"73d3592\" data-element_type=\"section\" data-e-type=\"section\">\n\t\t\t\t\t\t<div class=\"elementor-container elementor-column-gap-default\">\n\t\t\t\t\t<div class=\"elementor-column elementor-col-50 elementor-top-column elementor-element elementor-element-9483366\" data-id=\"9483366\" data-element_type=\"column\" data-e-type=\"column\">\n\t\t\t<div class=\"elementor-widget-wrap elementor-element-populated\">\n\t\t\t\t\t\t<div class=\"elementor-element elementor-element-8880adc elementor-widget elementor-widget-text-editor\" data-id=\"8880adc\" data-element_type=\"widget\" data-e-type=\"widget\" data-widget_type=\"text-editor.default\">\n\t\t\t\t<div class=\"elementor-widget-container\">\n\t\t\t\t\t\t\t\t\t<p>Suministrables en HSS, HPS<sup>\u00ae<\/sup> y equipadas con metal duro, con dentado de 60\u00b0 o 90\u00b0.<\/p>\n<p>Todas las placas dentadas se mecanizan con m\u00e1quinas de precisi\u00f3n con control de medici\u00f3n y garantizan un cumplimiento absoluto de las dimensiones as\u00ed como un asentamiento preciso de los cabezales de las cuchillas. La precisi\u00f3n con la que se mecanizan nuestras placas dentadas garantiza una alta precisi\u00f3n del peso y, por ende, evita molestas vibraciones en el uso de las cuchillas.<\/p>\n\t\t\t\t\t\t\t\t<\/div>\n\t\t\t\t<\/div>\n\t\t\t\t\t<\/div>\n\t\t<\/div>\n\t\t\t\t<div class=\"elementor-column elementor-col-50 elementor-top-column elementor-element elementor-element-b11803c\" data-id=\"b11803c\" data-element_type=\"column\" data-e-type=\"column\">\n\t\t\t<div class=\"elementor-widget-wrap elementor-element-populated\">\n\t\t\t\t\t\t<div class=\"elementor-element elementor-element-45f9fe8 elementor-widget elementor-widget-image\" data-id=\"45f9fe8\" data-element_type=\"widget\" data-e-type=\"widget\" data-widget_type=\"image.default\">\n\t\t\t\t<div class=\"elementor-widget-container\">\n\t\t\t\t\t\t\t\t\t\t\t\t\t\t\t<img fetchpriority=\"high\" decoding=\"async\" width=\"922\" height=\"693\" src=\"https:\/\/www.erhophal.de\/wp-content\/uploads\/2021\/06\/Blanketts_01.jpg\" class=\"attachment-large size-large wp-image-279\" alt=\"\" srcset=\"https:\/\/www.erhophal.de\/wp-content\/uploads\/2021\/06\/Blanketts_01.jpg 922w, https:\/\/www.erhophal.de\/wp-content\/uploads\/2021\/06\/Blanketts_01-300x225.jpg 300w, https:\/\/www.erhophal.de\/wp-content\/uploads\/2021\/06\/Blanketts_01-768x577.jpg 768w, https:\/\/www.erhophal.de\/wp-content\/uploads\/2021\/06\/Blanketts_01-600x451.jpg 600w\" sizes=\"(max-width: 922px) 100vw, 922px\" \/>\t\t\t\t\t\t\t\t\t\t\t\t\t\t\t<\/div>\n\t\t\t\t<\/div>\n\t\t\t\t\t<\/div>\n\t\t<\/div>\n\t\t\t\t\t<\/div>\n\t\t<\/section>\n\t\t\t\t<\/div>\n\t\t","protected":false},"excerpt":{"rendered":"<p>Cuchillas corrugadas HSS, HPS\u00ae, TCT Suministrables en HSS, HPS\u00ae y equipadas con metal duro, con dentado de 60\u00b0 o 90\u00b0. Todas las placas dentadas se mecanizan con m\u00e1quinas de precisi\u00f3n con control de medici\u00f3n y garantizan un cumplimiento absoluto de las dimensiones as\u00ed como un asentamiento preciso de los cabezales de las cuchillas. La precisi\u00f3n [&hellip;]<\/p>\n","protected":false},"author":1,"featured_media":0,"parent":417,"menu_order":10,"comment_status":"closed","ping_status":"closed","template":"","meta":{"footnotes":""},"class_list":["post-418","page","type-page","status-publish","hentry"],"_links":{"self":[{"href":"https:\/\/www.erhophal.de\/es\/wp-json\/wp\/v2\/pages\/418","targetHints":{"allow":["GET"]}}],"collection":[{"href":"https:\/\/www.erhophal.de\/es\/wp-json\/wp\/v2\/pages"}],"about":[{"href":"https:\/\/www.erhophal.de\/es\/wp-json\/wp\/v2\/types\/page"}],"author":[{"embeddable":true,"href":"https:\/\/www.erhophal.de\/es\/wp-json\/wp\/v2\/users\/1"}],"replies":[{"embeddable":true,"href":"https:\/\/www.erhophal.de\/es\/wp-json\/wp\/v2\/comments?post=418"}],"version-history":[{"count":1,"href":"https:\/\/www.erhophal.de\/es\/wp-json\/wp\/v2\/pages\/418\/revisions"}],"predecessor-version":[{"id":419,"href":"https:\/\/www.erhophal.de\/es\/wp-json\/wp\/v2\/pages\/418\/revisions\/419"}],"up":[{"embeddable":true,"href":"https:\/\/www.erhophal.de\/es\/wp-json\/wp\/v2\/pages\/417"}],"wp:attachment":[{"href":"https:\/\/www.erhophal.de\/es\/wp-json\/wp\/v2\/media?parent=418"}],"curies":[{"name":"wp","href":"https:\/\/api.w.org\/{rel}","templated":true}]}}