{"id":422,"date":"2021-06-16T15:52:38","date_gmt":"2021-06-16T13:52:38","guid":{"rendered":"https:\/\/www.erhophal.de\/productos\/cuchillas-finas-para-cepillar\/"},"modified":"2021-06-16T15:52:39","modified_gmt":"2021-06-16T13:52:39","slug":"cuchillas-finas-para-cepillar","status":"publish","type":"page","link":"https:\/\/www.erhophal.de\/es\/productos\/cuchillas-finas-para-cepillar\/","title":{"rendered":"Cuchillas finas para cepillar"},"content":{"rendered":"\t\t<div data-elementor-type=\"wp-page\" data-elementor-id=\"422\" class=\"elementor elementor-422 elementor-154\" data-elementor-post-type=\"page\">\n\t\t\t\t\t\t<section class=\"elementor-section elementor-top-section elementor-element elementor-element-0f620d6 elementor-section-boxed elementor-section-height-default elementor-section-height-default\" data-id=\"0f620d6\" data-element_type=\"section\" data-e-type=\"section\">\n\t\t\t\t\t\t<div class=\"elementor-container elementor-column-gap-default\">\n\t\t\t\t\t<div class=\"elementor-column elementor-col-100 elementor-top-column elementor-element elementor-element-3ca069e\" data-id=\"3ca069e\" data-element_type=\"column\" data-e-type=\"column\">\n\t\t\t<div class=\"elementor-widget-wrap elementor-element-populated\">\n\t\t\t\t\t\t<div class=\"elementor-element elementor-element-7487306 elementor-widget elementor-widget-text-editor\" data-id=\"7487306\" data-element_type=\"widget\" data-e-type=\"widget\" data-widget_type=\"text-editor.default\">\n\t\t\t\t<div class=\"elementor-widget-container\">\n\t\t\t\t\t\t\t\t\t<h1>Cuchillas finas para cepillar<\/h1>\n<h2>HSS, HPS<sup>\u00ae<\/sup>, TCT<\/h2>\n\t\t\t\t\t\t\t\t<\/div>\n\t\t\t\t<\/div>\n\t\t\t\t\t<\/div>\n\t\t<\/div>\n\t\t\t\t\t<\/div>\n\t\t<\/section>\n\t\t\t\t<section class=\"elementor-section elementor-top-section elementor-element elementor-element-fce5b3f elementor-section-boxed elementor-section-height-default elementor-section-height-default\" data-id=\"fce5b3f\" data-element_type=\"section\" data-e-type=\"section\">\n\t\t\t\t\t\t<div class=\"elementor-container elementor-column-gap-default\">\n\t\t\t\t\t<div class=\"elementor-column elementor-col-50 elementor-top-column elementor-element elementor-element-569d16a\" data-id=\"569d16a\" data-element_type=\"column\" data-e-type=\"column\">\n\t\t\t<div class=\"elementor-widget-wrap elementor-element-populated\">\n\t\t\t\t\t\t<div class=\"elementor-element elementor-element-30eb1e5 elementor-widget elementor-widget-text-editor\" data-id=\"30eb1e5\" data-element_type=\"widget\" data-e-type=\"widget\" data-widget_type=\"text-editor.default\">\n\t\t\t\t<div class=\"elementor-widget-container\">\n\t\t\t\t\t\t\t\t\t<p>Pueden suministrarse en HSS, HPS<sup>\u00ae<\/sup> metal duro.<\/p>\n<p>Nuestras cuchillas finas para cepillar se mecanizan con m\u00e1quinas de alta precisi\u00f3n y exactos sistemas de medici\u00f3n. Tras este proceso las cuchillas est\u00e1n listas para ser usadas y perfectamente pulidas. Para garantizan una larga duraci\u00f3n de la vida \u00fatil de las cuchillas HSS y HPS<sup>\u00ae<\/sup> estas son endurecidas y revenidas en modernos hornos al vac\u00edo. Los pulidos filos de nuestros cuchillos garantizan un excelente cepillado desde el primer corte.<\/p>\n<p>Para la fabricaci\u00f3n de cuchillas armadas con metal duro empleamos solamente. Metal duro alem\u00e1n de excelente calidad.<\/p>\n\t\t\t\t\t\t\t\t<\/div>\n\t\t\t\t<\/div>\n\t\t\t\t\t<\/div>\n\t\t<\/div>\n\t\t\t\t<div class=\"elementor-column elementor-col-50 elementor-top-column elementor-element elementor-element-2bc6139\" data-id=\"2bc6139\" data-element_type=\"column\" data-e-type=\"column\">\n\t\t\t<div class=\"elementor-widget-wrap elementor-element-populated\">\n\t\t\t\t\t\t<div class=\"elementor-element elementor-element-0393621 elementor-widget elementor-widget-image\" data-id=\"0393621\" data-element_type=\"widget\" data-e-type=\"widget\" data-widget_type=\"image.default\">\n\t\t\t\t<div class=\"elementor-widget-container\">\n\t\t\t\t\t\t\t\t\t\t\t\t\t\t\t<img fetchpriority=\"high\" decoding=\"async\" width=\"922\" height=\"693\" src=\"https:\/\/www.erhophal.de\/wp-content\/uploads\/2021\/06\/Streifenhobelmesser_01.jpg\" class=\"attachment-large size-large wp-image-287\" alt=\"\" srcset=\"https:\/\/www.erhophal.de\/wp-content\/uploads\/2021\/06\/Streifenhobelmesser_01.jpg 922w, https:\/\/www.erhophal.de\/wp-content\/uploads\/2021\/06\/Streifenhobelmesser_01-300x225.jpg 300w, https:\/\/www.erhophal.de\/wp-content\/uploads\/2021\/06\/Streifenhobelmesser_01-768x577.jpg 768w, https:\/\/www.erhophal.de\/wp-content\/uploads\/2021\/06\/Streifenhobelmesser_01-600x451.jpg 600w\" sizes=\"(max-width: 922px) 100vw, 922px\" \/>\t\t\t\t\t\t\t\t\t\t\t\t\t\t\t<\/div>\n\t\t\t\t<\/div>\n\t\t\t\t\t<\/div>\n\t\t<\/div>\n\t\t\t\t\t<\/div>\n\t\t<\/section>\n\t\t\t\t<\/div>\n\t\t","protected":false},"excerpt":{"rendered":"<p>Cuchillas finas para cepillar HSS, HPS\u00ae, TCT Pueden suministrarse en HSS, HPS\u00ae metal duro. Nuestras cuchillas finas para cepillar se mecanizan con m\u00e1quinas de alta precisi\u00f3n y exactos sistemas de medici\u00f3n. Tras este proceso las cuchillas est\u00e1n listas para ser usadas y perfectamente pulidas. Para garantizan una larga duraci\u00f3n de la vida \u00fatil de las [&hellip;]<\/p>\n","protected":false},"author":1,"featured_media":0,"parent":417,"menu_order":30,"comment_status":"closed","ping_status":"closed","template":"","meta":{"footnotes":""},"class_list":["post-422","page","type-page","status-publish","hentry"],"_links":{"self":[{"href":"https:\/\/www.erhophal.de\/es\/wp-json\/wp\/v2\/pages\/422","targetHints":{"allow":["GET"]}}],"collection":[{"href":"https:\/\/www.erhophal.de\/es\/wp-json\/wp\/v2\/pages"}],"about":[{"href":"https:\/\/www.erhophal.de\/es\/wp-json\/wp\/v2\/types\/page"}],"author":[{"embeddable":true,"href":"https:\/\/www.erhophal.de\/es\/wp-json\/wp\/v2\/users\/1"}],"replies":[{"embeddable":true,"href":"https:\/\/www.erhophal.de\/es\/wp-json\/wp\/v2\/comments?post=422"}],"version-history":[{"count":1,"href":"https:\/\/www.erhophal.de\/es\/wp-json\/wp\/v2\/pages\/422\/revisions"}],"predecessor-version":[{"id":423,"href":"https:\/\/www.erhophal.de\/es\/wp-json\/wp\/v2\/pages\/422\/revisions\/423"}],"up":[{"embeddable":true,"href":"https:\/\/www.erhophal.de\/es\/wp-json\/wp\/v2\/pages\/417"}],"wp:attachment":[{"href":"https:\/\/www.erhophal.de\/es\/wp-json\/wp\/v2\/media?parent=422"}],"curies":[{"name":"wp","href":"https:\/\/api.w.org\/{rel}","templated":true}]}}