{"id":424,"date":"2021-06-16T15:54:24","date_gmt":"2021-06-16T13:54:24","guid":{"rendered":"https:\/\/www.erhophal.de\/productos\/cuchillas-para-sistemas-de-cepillado\/"},"modified":"2021-06-16T15:54:24","modified_gmt":"2021-06-16T13:54:24","slug":"cuchillas-para-sistemas-de-cepillado","status":"publish","type":"page","link":"https:\/\/www.erhophal.de\/es\/productos\/cuchillas-para-sistemas-de-cepillado\/","title":{"rendered":"Cuchillas para sistemas de cepillado"},"content":{"rendered":"\t\t<div data-elementor-type=\"wp-page\" data-elementor-id=\"424\" class=\"elementor elementor-424 elementor-156\" data-elementor-post-type=\"page\">\n\t\t\t\t\t\t<section class=\"elementor-section elementor-top-section elementor-element elementor-element-f57872a elementor-section-boxed elementor-section-height-default elementor-section-height-default\" data-id=\"f57872a\" data-element_type=\"section\" data-e-type=\"section\">\n\t\t\t\t\t\t<div class=\"elementor-container elementor-column-gap-default\">\n\t\t\t\t\t<div class=\"elementor-column elementor-col-100 elementor-top-column elementor-element elementor-element-a786bd9\" data-id=\"a786bd9\" data-element_type=\"column\" data-e-type=\"column\">\n\t\t\t<div class=\"elementor-widget-wrap elementor-element-populated\">\n\t\t\t\t\t\t<div class=\"elementor-element elementor-element-e1518b9 elementor-widget elementor-widget-text-editor\" data-id=\"e1518b9\" data-element_type=\"widget\" data-e-type=\"widget\" data-widget_type=\"text-editor.default\">\n\t\t\t\t<div class=\"elementor-widget-container\">\n\t\t\t\t\t\t\t\t\t<h1>Cuchillas para sistemas de cepillado<\/h1>\n<h2>Tersa, Centrostar, Terminus, Centrolock<\/h2>\n\t\t\t\t\t\t\t\t<\/div>\n\t\t\t\t<\/div>\n\t\t\t\t\t<\/div>\n\t\t<\/div>\n\t\t\t\t\t<\/div>\n\t\t<\/section>\n\t\t\t\t<section class=\"elementor-section elementor-top-section elementor-element elementor-element-d2fda1f elementor-section-boxed elementor-section-height-default elementor-section-height-default\" data-id=\"d2fda1f\" data-element_type=\"section\" data-e-type=\"section\">\n\t\t\t\t\t\t<div class=\"elementor-container elementor-column-gap-default\">\n\t\t\t\t\t<div class=\"elementor-column elementor-col-50 elementor-top-column elementor-element elementor-element-9b8ad29\" data-id=\"9b8ad29\" data-element_type=\"column\" data-e-type=\"column\">\n\t\t\t<div class=\"elementor-widget-wrap elementor-element-populated\">\n\t\t\t\t\t\t<div class=\"elementor-element elementor-element-c72b9be elementor-widget elementor-widget-text-editor\" data-id=\"c72b9be\" data-element_type=\"widget\" data-e-type=\"widget\" data-widget_type=\"text-editor.default\">\n\t\t\t\t<div class=\"elementor-widget-container\">\n\t\t\t\t\t\t\t\t\t<p>Pueden suministrarse en HSS, HPS<sup>\u00ae<\/sup> y HW<\/p>\n<p>Todas las cuchillas se mecanizan con las m\u00e1s modernas m\u00e1quinas CNC de mecanizado fino en profundidad y garantizan un asiento \u00f3ptimo de los ejes de cuchilla.<br \/>Las cuchillas HSS und HPS<sup>\u00ae<\/sup> se endurecen y revienen en hornos al vac\u00edo. La estructura de granos finos de las cuchillas obtenida gracias a este proceso garantiza una m\u00e1xima duraci\u00f3n de la vida \u00fatil y una relaci\u00f3n \u00f3ptima entre el precio y el rendimiento.<\/p>\n\t\t\t\t\t\t\t\t<\/div>\n\t\t\t\t<\/div>\n\t\t\t\t\t<\/div>\n\t\t<\/div>\n\t\t\t\t<div class=\"elementor-column elementor-col-50 elementor-top-column elementor-element elementor-element-279a509\" data-id=\"279a509\" data-element_type=\"column\" data-e-type=\"column\">\n\t\t\t<div class=\"elementor-widget-wrap elementor-element-populated\">\n\t\t\t\t\t\t<div class=\"elementor-element elementor-element-bf2b505 elementor-widget elementor-widget-image\" data-id=\"bf2b505\" data-element_type=\"widget\" data-e-type=\"widget\" data-widget_type=\"image.default\">\n\t\t\t\t<div class=\"elementor-widget-container\">\n\t\t\t\t\t\t\t\t\t\t\t\t\t\t\t<img fetchpriority=\"high\" decoding=\"async\" width=\"922\" height=\"693\" src=\"https:\/\/www.erhophal.de\/wp-content\/uploads\/2021\/06\/Hobelmesser_01.jpg\" class=\"attachment-large size-large wp-image-281\" alt=\"\" srcset=\"https:\/\/www.erhophal.de\/wp-content\/uploads\/2021\/06\/Hobelmesser_01.jpg 922w, https:\/\/www.erhophal.de\/wp-content\/uploads\/2021\/06\/Hobelmesser_01-300x225.jpg 300w, https:\/\/www.erhophal.de\/wp-content\/uploads\/2021\/06\/Hobelmesser_01-768x577.jpg 768w, https:\/\/www.erhophal.de\/wp-content\/uploads\/2021\/06\/Hobelmesser_01-600x451.jpg 600w\" sizes=\"(max-width: 922px) 100vw, 922px\" \/>\t\t\t\t\t\t\t\t\t\t\t\t\t\t\t<\/div>\n\t\t\t\t<\/div>\n\t\t\t\t\t<\/div>\n\t\t<\/div>\n\t\t\t\t\t<\/div>\n\t\t<\/section>\n\t\t\t\t<\/div>\n\t\t","protected":false},"excerpt":{"rendered":"<p>Cuchillas para sistemas de cepillado Tersa, Centrostar, Terminus, Centrolock Pueden suministrarse en HSS, HPS\u00ae y HW Todas las cuchillas se mecanizan con las m\u00e1s modernas m\u00e1quinas CNC de mecanizado fino en profundidad y garantizan un asiento \u00f3ptimo de los ejes de cuchilla.Las cuchillas HSS und HPS\u00ae se endurecen y revienen en hornos al vac\u00edo. La [&hellip;]<\/p>\n","protected":false},"author":1,"featured_media":0,"parent":417,"menu_order":40,"comment_status":"closed","ping_status":"closed","template":"","meta":{"footnotes":""},"class_list":["post-424","page","type-page","status-publish","hentry"],"_links":{"self":[{"href":"https:\/\/www.erhophal.de\/es\/wp-json\/wp\/v2\/pages\/424","targetHints":{"allow":["GET"]}}],"collection":[{"href":"https:\/\/www.erhophal.de\/es\/wp-json\/wp\/v2\/pages"}],"about":[{"href":"https:\/\/www.erhophal.de\/es\/wp-json\/wp\/v2\/types\/page"}],"author":[{"embeddable":true,"href":"https:\/\/www.erhophal.de\/es\/wp-json\/wp\/v2\/users\/1"}],"replies":[{"embeddable":true,"href":"https:\/\/www.erhophal.de\/es\/wp-json\/wp\/v2\/comments?post=424"}],"version-history":[{"count":1,"href":"https:\/\/www.erhophal.de\/es\/wp-json\/wp\/v2\/pages\/424\/revisions"}],"predecessor-version":[{"id":425,"href":"https:\/\/www.erhophal.de\/es\/wp-json\/wp\/v2\/pages\/424\/revisions\/425"}],"up":[{"embeddable":true,"href":"https:\/\/www.erhophal.de\/es\/wp-json\/wp\/v2\/pages\/417"}],"wp:attachment":[{"href":"https:\/\/www.erhophal.de\/es\/wp-json\/wp\/v2\/media?parent=424"}],"curies":[{"name":"wp","href":"https:\/\/api.w.org\/{rel}","templated":true}]}}