{"id":426,"date":"2021-06-16T15:55:18","date_gmt":"2021-06-16T13:55:18","guid":{"rendered":"https:\/\/www.erhophal.de\/productos\/cuchillas-reversibles\/"},"modified":"2021-06-16T15:55:19","modified_gmt":"2021-06-16T13:55:19","slug":"cuchillas-reversibles","status":"publish","type":"page","link":"https:\/\/www.erhophal.de\/es\/productos\/cuchillas-reversibles\/","title":{"rendered":"Cuchillas reversibles"},"content":{"rendered":"\t\t<div data-elementor-type=\"wp-page\" data-elementor-id=\"426\" class=\"elementor elementor-426 elementor-158\" data-elementor-post-type=\"page\">\n\t\t\t\t\t\t<section class=\"elementor-section elementor-top-section elementor-element elementor-element-3978292 elementor-section-boxed elementor-section-height-default elementor-section-height-default\" data-id=\"3978292\" data-element_type=\"section\" data-e-type=\"section\">\n\t\t\t\t\t\t<div class=\"elementor-container elementor-column-gap-default\">\n\t\t\t\t\t<div class=\"elementor-column elementor-col-100 elementor-top-column elementor-element elementor-element-05bfa03\" data-id=\"05bfa03\" data-element_type=\"column\" data-e-type=\"column\">\n\t\t\t<div class=\"elementor-widget-wrap elementor-element-populated\">\n\t\t\t\t\t\t<div class=\"elementor-element elementor-element-65c7cca elementor-widget elementor-widget-text-editor\" data-id=\"65c7cca\" data-element_type=\"widget\" data-e-type=\"widget\" data-widget_type=\"text-editor.default\">\n\t\t\t\t<div class=\"elementor-widget-container\">\n\t\t\t\t\t\t\t\t\t<h1>Cuchillas reversibles<\/h1>\n<h2>HW (HM)<\/h2>\n\t\t\t\t\t\t\t\t<\/div>\n\t\t\t\t<\/div>\n\t\t\t\t\t<\/div>\n\t\t<\/div>\n\t\t\t\t\t<\/div>\n\t\t<\/section>\n\t\t\t\t<section class=\"elementor-section elementor-top-section elementor-element elementor-element-04bebd7 elementor-section-boxed elementor-section-height-default elementor-section-height-default\" data-id=\"04bebd7\" data-element_type=\"section\" data-e-type=\"section\">\n\t\t\t\t\t\t<div class=\"elementor-container elementor-column-gap-default\">\n\t\t\t\t\t<div class=\"elementor-column elementor-col-50 elementor-top-column elementor-element elementor-element-28b47dd\" data-id=\"28b47dd\" data-element_type=\"column\" data-e-type=\"column\">\n\t\t\t<div class=\"elementor-widget-wrap elementor-element-populated\">\n\t\t\t\t\t\t<div class=\"elementor-element elementor-element-5e6f1d8 elementor-widget elementor-widget-text-editor\" data-id=\"5e6f1d8\" data-element_type=\"widget\" data-e-type=\"widget\" data-widget_type=\"text-editor.default\">\n\t\t\t\t<div class=\"elementor-widget-container\">\n\t\t\t\t\t\t\t\t\t<p>Nuestras cuchillas reversibles son afiladas con m\u00e1xima precisi\u00f3n y con m\u00ednimas tolerancias.<\/p>\n<p>Utilizamos modernos tipos de metales duros y ofrecemos aut\u00e9ntico \u00abMade in Germany\u00bb.<\/p>\n\t\t\t\t\t\t\t\t<\/div>\n\t\t\t\t<\/div>\n\t\t\t\t\t<\/div>\n\t\t<\/div>\n\t\t\t\t<div class=\"elementor-column elementor-col-50 elementor-top-column elementor-element elementor-element-098de2f\" data-id=\"098de2f\" data-element_type=\"column\" data-e-type=\"column\">\n\t\t\t<div class=\"elementor-widget-wrap elementor-element-populated\">\n\t\t\t\t\t\t<div class=\"elementor-element elementor-element-f428f63 elementor-widget elementor-widget-image\" data-id=\"f428f63\" data-element_type=\"widget\" data-e-type=\"widget\" data-widget_type=\"image.default\">\n\t\t\t\t<div class=\"elementor-widget-container\">\n\t\t\t\t\t\t\t\t\t\t\t\t\t\t\t<img fetchpriority=\"high\" decoding=\"async\" width=\"922\" height=\"693\" src=\"https:\/\/www.erhophal.de\/wp-content\/uploads\/2021\/06\/Wendeschneidplatten_01.jpg\" class=\"attachment-large size-large wp-image-289\" alt=\"\" srcset=\"https:\/\/www.erhophal.de\/wp-content\/uploads\/2021\/06\/Wendeschneidplatten_01.jpg 922w, https:\/\/www.erhophal.de\/wp-content\/uploads\/2021\/06\/Wendeschneidplatten_01-300x225.jpg 300w, https:\/\/www.erhophal.de\/wp-content\/uploads\/2021\/06\/Wendeschneidplatten_01-768x577.jpg 768w, https:\/\/www.erhophal.de\/wp-content\/uploads\/2021\/06\/Wendeschneidplatten_01-600x451.jpg 600w\" sizes=\"(max-width: 922px) 100vw, 922px\" \/>\t\t\t\t\t\t\t\t\t\t\t\t\t\t\t<\/div>\n\t\t\t\t<\/div>\n\t\t\t\t\t<\/div>\n\t\t<\/div>\n\t\t\t\t\t<\/div>\n\t\t<\/section>\n\t\t\t\t<\/div>\n\t\t","protected":false},"excerpt":{"rendered":"<p>Cuchillas reversibles HW (HM) Nuestras cuchillas reversibles son afiladas con m\u00e1xima precisi\u00f3n y con m\u00ednimas tolerancias. Utilizamos modernos tipos de metales duros y ofrecemos aut\u00e9ntico \u00abMade in Germany\u00bb.<\/p>\n","protected":false},"author":1,"featured_media":0,"parent":417,"menu_order":50,"comment_status":"closed","ping_status":"closed","template":"","meta":{"footnotes":""},"class_list":["post-426","page","type-page","status-publish","hentry"],"_links":{"self":[{"href":"https:\/\/www.erhophal.de\/es\/wp-json\/wp\/v2\/pages\/426","targetHints":{"allow":["GET"]}}],"collection":[{"href":"https:\/\/www.erhophal.de\/es\/wp-json\/wp\/v2\/pages"}],"about":[{"href":"https:\/\/www.erhophal.de\/es\/wp-json\/wp\/v2\/types\/page"}],"author":[{"embeddable":true,"href":"https:\/\/www.erhophal.de\/es\/wp-json\/wp\/v2\/users\/1"}],"replies":[{"embeddable":true,"href":"https:\/\/www.erhophal.de\/es\/wp-json\/wp\/v2\/comments?post=426"}],"version-history":[{"count":1,"href":"https:\/\/www.erhophal.de\/es\/wp-json\/wp\/v2\/pages\/426\/revisions"}],"predecessor-version":[{"id":427,"href":"https:\/\/www.erhophal.de\/es\/wp-json\/wp\/v2\/pages\/426\/revisions\/427"}],"up":[{"embeddable":true,"href":"https:\/\/www.erhophal.de\/es\/wp-json\/wp\/v2\/pages\/417"}],"wp:attachment":[{"href":"https:\/\/www.erhophal.de\/es\/wp-json\/wp\/v2\/media?parent=426"}],"curies":[{"name":"wp","href":"https:\/\/api.w.org\/{rel}","templated":true}]}}