{"id":428,"date":"2021-06-16T16:01:17","date_gmt":"2021-06-16T14:01:17","guid":{"rendered":"https:\/\/www.erhophal.de\/hps-information\/"},"modified":"2021-06-16T16:01:17","modified_gmt":"2021-06-16T14:01:17","slug":"hps-information","status":"publish","type":"page","link":"https:\/\/www.erhophal.de\/es\/hps-information\/","title":{"rendered":"HPS\u00ae Information"},"content":{"rendered":"\t\t<div data-elementor-type=\"wp-page\" data-elementor-id=\"428\" class=\"elementor elementor-428 elementor-44\" data-elementor-post-type=\"page\">\n\t\t\t\t\t\t<section class=\"elementor-section elementor-top-section elementor-element elementor-element-c8068c5 elementor-section-boxed elementor-section-height-default elementor-section-height-default\" data-id=\"c8068c5\" data-element_type=\"section\" data-e-type=\"section\">\n\t\t\t\t\t\t<div class=\"elementor-container elementor-column-gap-default\">\n\t\t\t\t\t<div class=\"elementor-column elementor-col-100 elementor-top-column elementor-element elementor-element-7ad9d43\" data-id=\"7ad9d43\" data-element_type=\"column\" data-e-type=\"column\">\n\t\t\t<div class=\"elementor-widget-wrap elementor-element-populated\">\n\t\t\t\t\t\t<div class=\"elementor-element elementor-element-8475c0c elementor-widget elementor-widget-text-editor\" data-id=\"8475c0c\" data-element_type=\"widget\" data-e-type=\"widget\" data-widget_type=\"text-editor.default\">\n\t\t\t\t<div class=\"elementor-widget-container\">\n\t\t\t\t\t\t\t\t\t<h1>HPS<sup>\u00ae<\/sup><\/h1>\n<h2>Carpinter\u00eda econ\u00f3mica con calidad \u201eMade in Germany\u201c<\/h2>\n\t\t\t\t\t\t\t\t<\/div>\n\t\t\t\t<\/div>\n\t\t\t\t\t<\/div>\n\t\t<\/div>\n\t\t\t\t\t<\/div>\n\t\t<\/section>\n\t\t\t\t<section class=\"elementor-section elementor-top-section elementor-element elementor-element-419eb7a elementor-section-boxed elementor-section-height-default elementor-section-height-default\" data-id=\"419eb7a\" data-element_type=\"section\" data-e-type=\"section\">\n\t\t\t\t\t\t<div class=\"elementor-container elementor-column-gap-default\">\n\t\t\t\t\t<div class=\"elementor-column elementor-col-50 elementor-top-column elementor-element elementor-element-21e256f\" data-id=\"21e256f\" data-element_type=\"column\" data-e-type=\"column\">\n\t\t\t<div class=\"elementor-widget-wrap elementor-element-populated\">\n\t\t\t\t\t\t<div class=\"elementor-element elementor-element-d25ea2d elementor-widget elementor-widget-text-editor\" data-id=\"d25ea2d\" data-element_type=\"widget\" data-e-type=\"widget\" data-widget_type=\"text-editor.default\">\n\t\t\t\t<div class=\"elementor-widget-container\">\n\t\t\t\t\t\t\t\t\t<ul>\n<li>Especialmente desarrollado para trabajar la madera<\/li>\n<li>La vida \u00fatil en maderas blandas es mayoritariamente mejor que HSS<\/li>\n<li>Vida \u00fatil en maderas duras muy similar a HSS.<\/li>\n<li>Perfilado, rectificado y corte son m\u00e1s f\u00e1ciles<\/li>\n<li>Resistencia a altas temperaturas de m\u00e1s de 520 \u00b0C (968 \u00b0F)<\/li>\n<li>Mayor resistencia al impacto que HSS<\/li>\n<li>Mayor tenacidad y resistencia a la rotura que HSS<\/li>\n<li>Fabricaci\u00f3n y tolerancias en calidad \u00fanica de ERHOPHAL<\/li>\n<li>HPS<sup>\u00ae<\/sup> \u2013 Es \u00fanico en el mundo<\/li>\n<li>Nivel de precios estable y favorable, independiente de HSS<\/li>\n<li>Todo tipo de cuchillos disponibles en HPS<sup>\u00ae<\/sup><\/li>\n<\/ul>\n\t\t\t\t\t\t\t\t<\/div>\n\t\t\t\t<\/div>\n\t\t\t\t\t<\/div>\n\t\t<\/div>\n\t\t\t\t<div class=\"elementor-column elementor-col-50 elementor-top-column elementor-element elementor-element-377405e\" data-id=\"377405e\" data-element_type=\"column\" data-e-type=\"column\">\n\t\t\t<div class=\"elementor-widget-wrap elementor-element-populated\">\n\t\t\t\t\t\t<div class=\"elementor-element elementor-element-d66dfc3 elementor-widget elementor-widget-image\" data-id=\"d66dfc3\" data-element_type=\"widget\" data-e-type=\"widget\" data-widget_type=\"image.default\">\n\t\t\t\t<div class=\"elementor-widget-container\">\n\t\t\t\t\t\t\t\t\t\t\t\t\t\t\t<img fetchpriority=\"high\" decoding=\"async\" width=\"550\" height=\"354\" src=\"https:\/\/www.erhophal.de\/wp-content\/uploads\/2021\/06\/Zertifikate-01.png\" class=\"attachment-large size-large wp-image-335\" alt=\"\" srcset=\"https:\/\/www.erhophal.de\/wp-content\/uploads\/2021\/06\/Zertifikate-01.png 550w, https:\/\/www.erhophal.de\/wp-content\/uploads\/2021\/06\/Zertifikate-01-300x193.png 300w\" sizes=\"(max-width: 550px) 100vw, 550px\" \/>\t\t\t\t\t\t\t\t\t\t\t\t\t\t\t<\/div>\n\t\t\t\t<\/div>\n\t\t\t\t\t<\/div>\n\t\t<\/div>\n\t\t\t\t\t<\/div>\n\t\t<\/section>\n\t\t\t\t<\/div>\n\t\t","protected":false},"excerpt":{"rendered":"<p>HPS\u00ae Carpinter\u00eda econ\u00f3mica con calidad \u201eMade in Germany\u201c Especialmente desarrollado para trabajar la madera La vida \u00fatil en maderas blandas es mayoritariamente mejor que HSS Vida \u00fatil en maderas duras muy similar a HSS. Perfilado, rectificado y corte son m\u00e1s f\u00e1ciles Resistencia a altas temperaturas de m\u00e1s de 520 \u00b0C (968 \u00b0F) Mayor resistencia al [&hellip;]<\/p>\n","protected":false},"author":1,"featured_media":0,"parent":0,"menu_order":40,"comment_status":"closed","ping_status":"closed","template":"","meta":{"footnotes":""},"class_list":["post-428","page","type-page","status-publish","hentry"],"_links":{"self":[{"href":"https:\/\/www.erhophal.de\/es\/wp-json\/wp\/v2\/pages\/428","targetHints":{"allow":["GET"]}}],"collection":[{"href":"https:\/\/www.erhophal.de\/es\/wp-json\/wp\/v2\/pages"}],"about":[{"href":"https:\/\/www.erhophal.de\/es\/wp-json\/wp\/v2\/types\/page"}],"author":[{"embeddable":true,"href":"https:\/\/www.erhophal.de\/es\/wp-json\/wp\/v2\/users\/1"}],"replies":[{"embeddable":true,"href":"https:\/\/www.erhophal.de\/es\/wp-json\/wp\/v2\/comments?post=428"}],"version-history":[{"count":1,"href":"https:\/\/www.erhophal.de\/es\/wp-json\/wp\/v2\/pages\/428\/revisions"}],"predecessor-version":[{"id":429,"href":"https:\/\/www.erhophal.de\/es\/wp-json\/wp\/v2\/pages\/428\/revisions\/429"}],"wp:attachment":[{"href":"https:\/\/www.erhophal.de\/es\/wp-json\/wp\/v2\/media?parent=428"}],"curies":[{"name":"wp","href":"https:\/\/api.w.org\/{rel}","templated":true}]}}