{"id":430,"date":"2021-06-16T16:02:42","date_gmt":"2021-06-16T14:02:42","guid":{"rendered":"https:\/\/www.erhophal.de\/catalogo\/"},"modified":"2021-06-16T16:02:42","modified_gmt":"2021-06-16T14:02:42","slug":"catalogo","status":"publish","type":"page","link":"https:\/\/www.erhophal.de\/es\/catalogo\/","title":{"rendered":"Cat\u00e1logo"},"content":{"rendered":"\t\t<div data-elementor-type=\"wp-page\" data-elementor-id=\"430\" class=\"elementor elementor-430 elementor-45\" data-elementor-post-type=\"page\">\n\t\t\t\t\t\t<section class=\"elementor-section elementor-top-section elementor-element elementor-element-419b875 elementor-section-boxed elementor-section-height-default elementor-section-height-default\" data-id=\"419b875\" data-element_type=\"section\" data-e-type=\"section\">\n\t\t\t\t\t\t<div class=\"elementor-container elementor-column-gap-default\">\n\t\t\t\t\t<div class=\"elementor-column elementor-col-100 elementor-top-column elementor-element elementor-element-6ec860b\" data-id=\"6ec860b\" data-element_type=\"column\" data-e-type=\"column\">\n\t\t\t<div class=\"elementor-widget-wrap elementor-element-populated\">\n\t\t\t\t\t\t<div class=\"elementor-element elementor-element-e87ed07 elementor-widget elementor-widget-text-editor\" data-id=\"e87ed07\" data-element_type=\"widget\" data-e-type=\"widget\" data-widget_type=\"text-editor.default\">\n\t\t\t\t<div class=\"elementor-widget-container\">\n\t\t\t\t\t\t\t\t\t<h1>Descargar el cat\u00e1logo<\/h1>\n<p>Aqu\u00ed usted puede encontrar en nuestro cat\u00e1logo actual.<\/p>\n\t\t\t\t\t\t\t\t<\/div>\n\t\t\t\t<\/div>\n\t\t\t\t<div class=\"elementor-element elementor-element-cf419bf elementor-widget elementor-widget-image\" data-id=\"cf419bf\" data-element_type=\"widget\" data-e-type=\"widget\" data-widget_type=\"image.default\">\n\t\t\t\t<div class=\"elementor-widget-container\">\n\t\t\t\t\t\t\t\t\t\t\t\t\t\t\t<img fetchpriority=\"high\" decoding=\"async\" width=\"1024\" height=\"724\" src=\"https:\/\/www.erhophal.de\/wp-content\/uploads\/2021\/06\/Erhophal-Katalog-2015.jpg\" class=\"attachment-full size-full wp-image-341\" alt=\"\" srcset=\"https:\/\/www.erhophal.de\/wp-content\/uploads\/2021\/06\/Erhophal-Katalog-2015.jpg 1024w, https:\/\/www.erhophal.de\/wp-content\/uploads\/2021\/06\/Erhophal-Katalog-2015-300x212.jpg 300w, https:\/\/www.erhophal.de\/wp-content\/uploads\/2021\/06\/Erhophal-Katalog-2015-768x543.jpg 768w, https:\/\/www.erhophal.de\/wp-content\/uploads\/2021\/06\/Erhophal-Katalog-2015-600x424.jpg 600w\" sizes=\"(max-width: 1024px) 100vw, 1024px\" \/>\t\t\t\t\t\t\t\t\t\t\t\t\t\t\t<\/div>\n\t\t\t\t<\/div>\n\t\t\t\t<div class=\"elementor-element elementor-element-477392c elementor-widget elementor-widget-button\" data-id=\"477392c\" data-element_type=\"widget\" data-e-type=\"widget\" data-widget_type=\"button.default\">\n\t\t\t\t<div class=\"elementor-widget-container\">\n\t\t\t\t\t\t\t\t\t<div class=\"elementor-button-wrapper\">\n\t\t\t\t\t<a class=\"elementor-button elementor-button-link elementor-size-sm\" href=\"https:\/\/www.erhophal.de\/wp-content\/uploads\/2021\/06\/Katalog-Erhophal-2015.pdf\" target=\"_blank\">\n\t\t\t\t\t\t<span class=\"elementor-button-content-wrapper\">\n\t\t\t\t\t\t\t\t\t<span class=\"elementor-button-text\">Cat\u00e1logo PDF <\/span>\n\t\t\t\t\t<\/span>\n\t\t\t\t\t<\/a>\n\t\t\t\t<\/div>\n\t\t\t\t\t\t\t\t<\/div>\n\t\t\t\t<\/div>\n\t\t\t\t\t<\/div>\n\t\t<\/div>\n\t\t\t\t\t<\/div>\n\t\t<\/section>\n\t\t\t\t<\/div>\n\t\t","protected":false},"excerpt":{"rendered":"<p>Descargar el cat\u00e1logo Aqu\u00ed usted puede encontrar en nuestro cat\u00e1logo actual. Cat\u00e1logo PDF<\/p>\n","protected":false},"author":1,"featured_media":0,"parent":0,"menu_order":50,"comment_status":"closed","ping_status":"closed","template":"","meta":{"footnotes":""},"class_list":["post-430","page","type-page","status-publish","hentry"],"_links":{"self":[{"href":"https:\/\/www.erhophal.de\/es\/wp-json\/wp\/v2\/pages\/430","targetHints":{"allow":["GET"]}}],"collection":[{"href":"https:\/\/www.erhophal.de\/es\/wp-json\/wp\/v2\/pages"}],"about":[{"href":"https:\/\/www.erhophal.de\/es\/wp-json\/wp\/v2\/types\/page"}],"author":[{"embeddable":true,"href":"https:\/\/www.erhophal.de\/es\/wp-json\/wp\/v2\/users\/1"}],"replies":[{"embeddable":true,"href":"https:\/\/www.erhophal.de\/es\/wp-json\/wp\/v2\/comments?post=430"}],"version-history":[{"count":1,"href":"https:\/\/www.erhophal.de\/es\/wp-json\/wp\/v2\/pages\/430\/revisions"}],"predecessor-version":[{"id":431,"href":"https:\/\/www.erhophal.de\/es\/wp-json\/wp\/v2\/pages\/430\/revisions\/431"}],"wp:attachment":[{"href":"https:\/\/www.erhophal.de\/es\/wp-json\/wp\/v2\/media?parent=430"}],"curies":[{"name":"wp","href":"https:\/\/api.w.org\/{rel}","templated":true}]}}