{"id":511,"date":"2021-06-17T10:02:09","date_gmt":"2021-06-17T08:02:09","guid":{"rendered":"https:\/\/www.erhophal.de\/productos\/multi-profil-system\/"},"modified":"2021-06-17T10:02:09","modified_gmt":"2021-06-17T08:02:09","slug":"multi-profil-system","status":"publish","type":"page","link":"https:\/\/www.erhophal.de\/es\/productos\/multi-profil-system\/","title":{"rendered":"Multi-Profil-System"},"content":{"rendered":"\t\t<div data-elementor-type=\"wp-page\" data-elementor-id=\"511\" class=\"elementor elementor-511 elementor-160\" data-elementor-post-type=\"page\">\n\t\t\t\t\t\t<section class=\"elementor-section elementor-top-section elementor-element elementor-element-afa8dc8 elementor-section-boxed elementor-section-height-default elementor-section-height-default\" data-id=\"afa8dc8\" data-element_type=\"section\" data-e-type=\"section\">\n\t\t\t\t\t\t<div class=\"elementor-container elementor-column-gap-default\">\n\t\t\t\t\t<div class=\"elementor-column elementor-col-100 elementor-top-column elementor-element elementor-element-010d8c8\" data-id=\"010d8c8\" data-element_type=\"column\" data-e-type=\"column\">\n\t\t\t<div class=\"elementor-widget-wrap elementor-element-populated\">\n\t\t\t\t\t\t<div class=\"elementor-element elementor-element-0dc473d elementor-widget elementor-widget-text-editor\" data-id=\"0dc473d\" data-element_type=\"widget\" data-e-type=\"widget\" data-widget_type=\"text-editor.default\">\n\t\t\t\t<div class=\"elementor-widget-container\">\n\t\t\t\t\t\t\t\t\t<h1>Multi-Profil-System<\/h1>\n<h2>UNI-perfil cuchillos<\/h2>\n<p>Las herramientas HW de alto rendimiento de corte para los altos requerimientos en el procesamiento de la fibra de madera y materiales compuestos abrasivos tales como herramienta MDF, contrachapado, corian.<\/p>\n\t\t\t\t\t\t\t\t<\/div>\n\t\t\t\t<\/div>\n\t\t\t\t\t<\/div>\n\t\t<\/div>\n\t\t\t\t\t<\/div>\n\t\t<\/section>\n\t\t\t\t<section class=\"elementor-section elementor-top-section elementor-element elementor-element-a9d1b58 elementor-section-boxed elementor-section-height-default elementor-section-height-default\" data-id=\"a9d1b58\" data-element_type=\"section\" data-e-type=\"section\">\n\t\t\t\t\t\t<div class=\"elementor-container elementor-column-gap-default\">\n\t\t\t\t\t<div class=\"elementor-column elementor-col-50 elementor-top-column elementor-element elementor-element-5d70daf\" data-id=\"5d70daf\" data-element_type=\"column\" data-e-type=\"column\">\n\t\t\t<div class=\"elementor-widget-wrap elementor-element-populated\">\n\t\t\t\t\t\t\t<\/div>\n\t\t<\/div>\n\t\t\t\t<div class=\"elementor-column elementor-col-50 elementor-top-column elementor-element elementor-element-d06b132\" data-id=\"d06b132\" data-element_type=\"column\" data-e-type=\"column\">\n\t\t\t<div class=\"elementor-widget-wrap elementor-element-populated\">\n\t\t\t\t\t\t<div class=\"elementor-element elementor-element-a6cf9fd elementor-widget elementor-widget-image\" data-id=\"a6cf9fd\" data-element_type=\"widget\" data-e-type=\"widget\" data-widget_type=\"image.default\">\n\t\t\t\t<div class=\"elementor-widget-container\">\n\t\t\t\t\t\t\t\t\t\t\t\t\t\t\t<img fetchpriority=\"high\" decoding=\"async\" width=\"922\" height=\"693\" src=\"https:\/\/www.erhophal.de\/wp-content\/uploads\/2021\/06\/Multi-Profil-System_01.jpg\" class=\"attachment-large size-large wp-image-283\" alt=\"\" srcset=\"https:\/\/www.erhophal.de\/wp-content\/uploads\/2021\/06\/Multi-Profil-System_01.jpg 922w, https:\/\/www.erhophal.de\/wp-content\/uploads\/2021\/06\/Multi-Profil-System_01-300x225.jpg 300w, https:\/\/www.erhophal.de\/wp-content\/uploads\/2021\/06\/Multi-Profil-System_01-768x577.jpg 768w, https:\/\/www.erhophal.de\/wp-content\/uploads\/2021\/06\/Multi-Profil-System_01-600x451.jpg 600w\" sizes=\"(max-width: 922px) 100vw, 922px\" \/>\t\t\t\t\t\t\t\t\t\t\t\t\t\t\t<\/div>\n\t\t\t\t<\/div>\n\t\t\t\t\t<\/div>\n\t\t<\/div>\n\t\t\t\t\t<\/div>\n\t\t<\/section>\n\t\t\t\t<section class=\"elementor-section elementor-top-section elementor-element elementor-element-35d4ca4 elementor-section-boxed elementor-section-height-default elementor-section-height-default\" data-id=\"35d4ca4\" data-element_type=\"section\" data-e-type=\"section\">\n\t\t\t\t\t\t<div class=\"elementor-container elementor-column-gap-default\">\n\t\t\t\t\t<div class=\"elementor-column elementor-col-100 elementor-top-column elementor-element elementor-element-8e3f4cb\" data-id=\"8e3f4cb\" data-element_type=\"column\" data-e-type=\"column\">\n\t\t\t<div class=\"elementor-widget-wrap elementor-element-populated\">\n\t\t\t\t\t\t<div class=\"elementor-element elementor-element-ed51647 elementor-widget-divider--view-line elementor-widget elementor-widget-divider\" data-id=\"ed51647\" data-element_type=\"widget\" data-e-type=\"widget\" data-widget_type=\"divider.default\">\n\t\t\t\t<div class=\"elementor-widget-container\">\n\t\t\t\t\t\t\t<div class=\"elementor-divider\">\n\t\t\t<span class=\"elementor-divider-separator\">\n\t\t\t\t\t\t<\/span>\n\t\t<\/div>\n\t\t\t\t\t\t<\/div>\n\t\t\t\t<\/div>\n\t\t\t\t\t<\/div>\n\t\t<\/div>\n\t\t\t\t\t<\/div>\n\t\t<\/section>\n\t\t\t\t<section class=\"elementor-section elementor-top-section elementor-element elementor-element-def654e elementor-section-boxed elementor-section-height-default elementor-section-height-default\" data-id=\"def654e\" data-element_type=\"section\" data-e-type=\"section\">\n\t\t\t\t\t\t<div class=\"elementor-container elementor-column-gap-default\">\n\t\t\t\t\t<div class=\"elementor-column elementor-col-50 elementor-top-column elementor-element elementor-element-a41b8b1\" data-id=\"a41b8b1\" data-element_type=\"column\" data-e-type=\"column\">\n\t\t\t<div class=\"elementor-widget-wrap elementor-element-populated\">\n\t\t\t\t\t\t<div class=\"elementor-element elementor-element-544491b elementor-widget elementor-widget-text-editor\" data-id=\"544491b\" data-element_type=\"widget\" data-e-type=\"widget\" data-widget_type=\"text-editor.default\">\n\t\t\t\t<div class=\"elementor-widget-container\">\n\t\t\t\t\t\t\t\t\t<p>El mecanizado moderno, fibra de madera abrasive, materiales compuestos y materiales especiales, tales como MDF, madera contrachapada, Corian, etc, y el uso creciente de la tecnolog\u00eda CNC para trabajar la madera crean exigencias cada vez mayores para las herramientas de corte. Especialmente en el \u00e1rea de las herramientas est\u00e1ndares no se pueden satisfacer estas exigencias de manera satisfactoria con los sistemas conocidos hasta ahora.<\/p>\n\t\t\t\t\t\t\t\t<\/div>\n\t\t\t\t<\/div>\n\t\t\t\t\t<\/div>\n\t\t<\/div>\n\t\t\t\t<div class=\"elementor-column elementor-col-50 elementor-top-column elementor-element elementor-element-3635ce5\" data-id=\"3635ce5\" data-element_type=\"column\" data-e-type=\"column\">\n\t\t\t<div class=\"elementor-widget-wrap elementor-element-populated\">\n\t\t\t\t\t\t<div class=\"elementor-element elementor-element-b6709a3 elementor-widget elementor-widget-image\" data-id=\"b6709a3\" data-element_type=\"widget\" data-e-type=\"widget\" data-widget_type=\"image.default\">\n\t\t\t\t<div class=\"elementor-widget-container\">\n\t\t\t\t\t\t\t\t\t\t\t\t<figure class=\"wp-caption\">\n\t\t\t\t\t\t\t\t\t\t<img decoding=\"async\" width=\"224\" height=\"106\" src=\"https:\/\/www.erhophal.de\/wp-content\/uploads\/2021\/06\/Multi-System-01.jpg\" class=\"attachment-large size-large wp-image-491\" alt=\"\" \/>\t\t\t\t\t\t\t\t\t\t\t<figcaption class=\"widget-image-caption wp-caption-text\"><\/figcaption>\n\t\t\t\t\t\t\t\t\t\t<\/figure>\n\t\t\t\t\t\t\t\t\t<\/div>\n\t\t\t\t<\/div>\n\t\t\t\t\t<\/div>\n\t\t<\/div>\n\t\t\t\t\t<\/div>\n\t\t<\/section>\n\t\t\t\t<section class=\"elementor-section elementor-top-section elementor-element elementor-element-c626810 elementor-section-boxed elementor-section-height-default elementor-section-height-default\" data-id=\"c626810\" data-element_type=\"section\" data-e-type=\"section\">\n\t\t\t\t\t\t<div class=\"elementor-container elementor-column-gap-default\">\n\t\t\t\t\t<div class=\"elementor-column elementor-col-100 elementor-top-column elementor-element elementor-element-952ff78\" data-id=\"952ff78\" data-element_type=\"column\" data-e-type=\"column\">\n\t\t\t<div class=\"elementor-widget-wrap elementor-element-populated\">\n\t\t\t\t\t\t<div class=\"elementor-element elementor-element-78983f0 elementor-widget elementor-widget-text-editor\" data-id=\"78983f0\" data-element_type=\"widget\" data-e-type=\"widget\" data-widget_type=\"text-editor.default\">\n\t\t\t\t<div class=\"elementor-widget-container\">\n\t\t\t\t\t\t\t\t\t<p>Por esta raz\u00f3n fue desarrollada la propuesta MULTI-PERFIL. La selecci\u00f3n de materiales de corte de alto rendimiento, tales como carburo de tungsteno y acero de alta velocidad y la compatibilidad con las herramientas HW de alto rendimiento existentes ofrecen una opci\u00f3n econ\u00f3mica de las tareas de producci\u00f3n de hoy en d\u00eda.<\/p>\n\t\t\t\t\t\t\t\t<\/div>\n\t\t\t\t<\/div>\n\t\t\t\t\t<\/div>\n\t\t<\/div>\n\t\t\t\t\t<\/div>\n\t\t<\/section>\n\t\t\t\t<section class=\"elementor-section elementor-top-section elementor-element elementor-element-a0e9eec elementor-section-boxed elementor-section-height-default elementor-section-height-default\" data-id=\"a0e9eec\" data-element_type=\"section\" data-e-type=\"section\">\n\t\t\t\t\t\t<div class=\"elementor-container elementor-column-gap-default\">\n\t\t\t\t\t<div class=\"elementor-column elementor-col-50 elementor-top-column elementor-element elementor-element-60cc6ae\" data-id=\"60cc6ae\" data-element_type=\"column\" data-e-type=\"column\">\n\t\t\t<div class=\"elementor-widget-wrap elementor-element-populated\">\n\t\t\t\t\t\t<div class=\"elementor-element elementor-element-1ab2d45 elementor-widget elementor-widget-text-editor\" data-id=\"1ab2d45\" data-element_type=\"widget\" data-e-type=\"widget\" data-widget_type=\"text-editor.default\">\n\t\t\t\t<div class=\"elementor-widget-container\">\n\t\t\t\t\t\t\t\t\t<h3><strong>M\u00faltiples perfiles propiedades del sistema<\/strong>:<\/h3>\n<ul>\n<li>Gracias al acabado de alta precisi\u00f3n en modernas m\u00e1quinas CNC garantizamos la exactitud del paso y del perfil y un ajuste preciso en todos los cabezales de los cuchillos.<\/li>\n<li>Las placas para cortar disponibles en metal duro HW y calidad HSpueden ser seleccionadas seg\u00fan cada caso de trabajado y permitende este modo una gran flexibilidad y reducci\u00f3n de sus costes.<\/li>\n<li>El uso de cuchillas HW le garantiza vidas \u00fatiles mucho m\u00e1s duraderasque las conocidas calidades SP y HS = optimizaci\u00f3n del binomiocalidad-precio.<\/li>\n<li>Disponemos de 130 perfiles est\u00e1ndares en nuestro programa de UNIperfiles,que podemos poner a su disposici\u00f3n como habitualmente enun corto plazo.<\/li>\n<li>Es posible sequir utilizando el deflector de perfiles existente.<\/li>\n<li>Mediante las mostradas tensiones de forma y fricci\u00f3n del sistema enel cabezal son tambi\u00e9n posibles las profundidades m\u00e1ximas permitidasen los perfiles especiales.<\/li>\n<\/ul>\n\t\t\t\t\t\t\t\t<\/div>\n\t\t\t\t<\/div>\n\t\t\t\t\t<\/div>\n\t\t<\/div>\n\t\t\t\t<div class=\"elementor-column elementor-col-50 elementor-top-column elementor-element elementor-element-724c7cc\" data-id=\"724c7cc\" data-element_type=\"column\" data-e-type=\"column\">\n\t\t\t<div class=\"elementor-widget-wrap elementor-element-populated\">\n\t\t\t\t\t\t<div class=\"elementor-element elementor-element-a4e324d elementor-widget elementor-widget-image\" data-id=\"a4e324d\" data-element_type=\"widget\" data-e-type=\"widget\" data-widget_type=\"image.default\">\n\t\t\t\t<div class=\"elementor-widget-container\">\n\t\t\t\t\t\t\t\t\t\t\t\t<figure class=\"wp-caption\">\n\t\t\t\t\t\t\t\t\t\t<img decoding=\"async\" width=\"270\" height=\"273\" src=\"https:\/\/www.erhophal.de\/wp-content\/uploads\/2021\/06\/Multi-Standardrofile-Auswahl-01.png\" class=\"attachment-large size-large wp-image-479\" alt=\"\" \/>\t\t\t\t\t\t\t\t\t\t\t<figcaption class=\"widget-image-caption wp-caption-text\">Una peque\u00f1a selecci\u00f3n de aproximadamente 130 perfiles est\u00e1ndar<\/figcaption>\n\t\t\t\t\t\t\t\t\t\t<\/figure>\n\t\t\t\t\t\t\t\t\t<\/div>\n\t\t\t\t<\/div>\n\t\t\t\t\t<\/div>\n\t\t<\/div>\n\t\t\t\t\t<\/div>\n\t\t<\/section>\n\t\t\t\t<\/div>\n\t\t","protected":false},"excerpt":{"rendered":"<p>Multi-Profil-System UNI-perfil cuchillos Las herramientas HW de alto rendimiento de corte para los altos requerimientos en el procesamiento de la fibra de madera y materiales compuestos abrasivos tales como herramienta MDF, contrachapado, corian. El mecanizado moderno, fibra de madera abrasive, materiales compuestos y materiales especiales, tales como MDF, madera contrachapada, Corian, etc, y el uso [&hellip;]<\/p>\n","protected":false},"author":1,"featured_media":0,"parent":417,"menu_order":60,"comment_status":"closed","ping_status":"closed","template":"","meta":{"footnotes":""},"class_list":["post-511","page","type-page","status-publish","hentry"],"_links":{"self":[{"href":"https:\/\/www.erhophal.de\/es\/wp-json\/wp\/v2\/pages\/511","targetHints":{"allow":["GET"]}}],"collection":[{"href":"https:\/\/www.erhophal.de\/es\/wp-json\/wp\/v2\/pages"}],"about":[{"href":"https:\/\/www.erhophal.de\/es\/wp-json\/wp\/v2\/types\/page"}],"author":[{"embeddable":true,"href":"https:\/\/www.erhophal.de\/es\/wp-json\/wp\/v2\/users\/1"}],"replies":[{"embeddable":true,"href":"https:\/\/www.erhophal.de\/es\/wp-json\/wp\/v2\/comments?post=511"}],"version-history":[{"count":1,"href":"https:\/\/www.erhophal.de\/es\/wp-json\/wp\/v2\/pages\/511\/revisions"}],"predecessor-version":[{"id":512,"href":"https:\/\/www.erhophal.de\/es\/wp-json\/wp\/v2\/pages\/511\/revisions\/512"}],"up":[{"embeddable":true,"href":"https:\/\/www.erhophal.de\/es\/wp-json\/wp\/v2\/pages\/417"}],"wp:attachment":[{"href":"https:\/\/www.erhophal.de\/es\/wp-json\/wp\/v2\/media?parent=511"}],"curies":[{"name":"wp","href":"https:\/\/api.w.org\/{rel}","templated":true}]}}